{"id":579,"date":"2024-11-23T18:43:31","date_gmt":"2024-11-23T18:43:31","guid":{"rendered":"https:\/\/dominicanjoekids.com\/?page_id=579"},"modified":"2024-11-23T18:43:33","modified_gmt":"2024-11-23T18:43:33","slug":"contactanos","status":"publish","type":"page","link":"https:\/\/dominicanjoekids.com\/es\/contactanos\/","title":{"rendered":"Cont\u00e1ctanos"},"content":{"rendered":"<div class=\"wp-block-group alignfull has-global-padding is-layout-constrained wp-container-core-group-is-layout-1066c645 wp-block-group-is-layout-constrained\" style=\"padding-top:var(--wp--preset--spacing--80);padding-right:30px;padding-bottom:var(--wp--preset--spacing--50);padding-left:30px\">\n<div class=\"wp-block-group alignwide has-primary-background-color has-background is-layout-flow wp-block-group-is-layout-flow\" style=\"border-radius:0px;padding-top:0%;padding-right:0%;padding-bottom:0%;padding-left:0%\">\n<div class=\"wp-block-group left-bottom has-secondary-background-color has-background is-layout-flow wp-block-group-is-layout-flow\" style=\"border-radius:0px;padding-top:10%;padding-right:10%;padding-bottom:10%;padding-left:10%\">\n<h2 class=\"wp-block-heading has-black-color has-text-color has-gigantic-font-size\" id=\"ready-to-grow-your-online-business\"><strong>Queremos escucharte  <\/strong><\/h2>\n\n\n\n<p><strong>Gracias por tu inter\u00e9s en Dominican Joe Foundation.<\/strong> Si tienes alguna pregunta o deseas ponerte en contacto con nosotros, no dudes en escribirnos a joe@dominicanjoekids.com o llenar el formulario a continuaci\u00f3n, y te responderemos lo antes posible.<\/p>\n\n\n\n<div class=\"wp-block-columns is-layout-flex wp-container-core-columns-is-layout-28f84493 wp-block-columns-is-layout-flex\">\n<div class=\"wp-block-column is-layout-flow wp-block-column-is-layout-flow\">\n<h3 class=\"wp-block-heading has-text-align-left has-large-font-size\" id=\"tel\" style=\"font-style:normal;font-weight:600\">Tel\u00e9fono:<\/h3>\n\n\n\n<p class=\"has-text-align-left\">+1 (239) 989-9042<\/p>\n<\/div>\n\n\n\n<div class=\"wp-block-column is-layout-flow wp-block-column-is-layout-flow\">\n<h3 class=\"wp-block-heading has-text-align-left has-large-font-size\" id=\"tel\" style=\"font-style:normal;font-weight:600\">Direcci\u00f3n:<\/h3>\n\n\n\n<p class=\"has-text-align-left\">121 Alhambra Circle, 1500<br>Coral Gables, FL 33134<\/p>\n<\/div>\n\n\n\n<div class=\"wp-block-column is-layout-flow wp-block-column-is-layout-flow\">\n<h3 class=\"wp-block-heading has-text-align-left has-large-font-size\" id=\"tel\" style=\"font-style:normal;font-weight:600\">Correo electr\u00f3nico:<\/h3>\n\n\n\n<p class=\"has-text-align-center\" style=\"font-size:17px\"><a href=\"mailto:joe@dominicanjoekids.com\" target=\"_blank\" rel=\"noreferrer noopener\">joe@dominicanjoekids.com<\/a><\/p>\n<\/div>\n<\/div>\n\n\n\n<div style=\"height:30px\" aria-hidden=\"true\" class=\"wp-block-spacer ext-my-0\"><\/div>\n\n\n\n<div class=\"wp-block-columns alignwide is-layout-flex wp-container-core-columns-is-layout-28f84493 wp-block-columns-is-layout-flex\">\n<div class=\"wp-block-column is-layout-flow wp-block-column-is-layout-flow\" style=\"flex-basis:100%\">\n<figure class=\"wp-block-image size-large\"><img loading=\"lazy\" decoding=\"async\" width=\"1024\" height=\"683\" src=\"https:\/\/dominicanjoekids.com\/wp-content\/uploads\/2024\/09\/240209-Escuela-0012-1-1024x683.jpg\" alt=\"\" class=\"wp-image-112\" srcset=\"https:\/\/dominicanjoekids.com\/wp-content\/uploads\/2024\/09\/240209-Escuela-0012-1-1024x683.jpg 1024w, https:\/\/dominicanjoekids.com\/wp-content\/uploads\/2024\/09\/240209-Escuela-0012-1-300x200.jpg 300w, https:\/\/dominicanjoekids.com\/wp-content\/uploads\/2024\/09\/240209-Escuela-0012-1-768x512.jpg 768w, https:\/\/dominicanjoekids.com\/wp-content\/uploads\/2024\/09\/240209-Escuela-0012-1.jpg 1200w\" sizes=\"auto, (max-width: 1024px) 100vw, 1024px\" \/><\/figure>\n<\/div>\n<\/div>\n<\/div>\n<\/div>\n<\/div>\n\n\n\n<p><\/p>","protected":false},"excerpt":{"rendered":"<p>Queremos escucharte Gracias por tu inter\u00e9s en Dominican Joe Foundation. Si tienes alguna pregunta o deseas ponerte en contacto con nosotros, no dudes en escribirnos a joe@dominicanjoekids.com o llenar el formulario a continuaci\u00f3n, y te responderemos lo antes posible. Tel\u00e9fono: +1 (239) 989-9042 Direcci\u00f3n: 121 Alhambra Circle, 1500Coral Gables, FL 33134 Correo electr\u00f3nico: joe@dominicanjoekids.com<\/p>","protected":false},"author":1,"featured_media":0,"parent":0,"menu_order":0,"comment_status":"closed","ping_status":"closed","template":"","meta":{"_coblocks_attr":"","_coblocks_dimensions":"","_coblocks_responsive_height":"","_coblocks_accordion_ie_support":"","footnotes":""},"class_list":["post-579","page","type-page","status-publish","hentry"],"yoast_head":"<!-- This site is optimized with the Yoast SEO plugin v27.4 - https:\/\/yoast.com\/product\/yoast-seo-wordpress\/ -->\n<title>Cont\u00e1ctanos - Dominican Joe Kids<\/title>\n<meta name=\"description\" content=\"Empowering children in the Dominican Republic to break the cycle of poverty through education. Join us in transforming lives with scholarships, quality schooling, and impactful events. Support the Dominican Joe Foundation today!\" \/>\n<meta name=\"robots\" content=\"index, follow, max-snippet:-1, max-image-preview:large, max-video-preview:-1\" \/>\n<link rel=\"canonical\" href=\"https:\/\/dominicanjoekids.com\/es\/contactanos\/\" \/>\n<meta property=\"og:locale\" content=\"es_ES\" \/>\n<meta property=\"og:type\" content=\"article\" \/>\n<meta property=\"og:title\" content=\"Cont\u00e1ctanos - Dominican Joe Kids\" \/>\n<meta property=\"og:description\" content=\"Empowering children in the Dominican Republic to break the cycle of poverty through education. Join us in transforming lives with scholarships, quality schooling, and impactful events. Support the Dominican Joe Foundation today!\" \/>\n<meta property=\"og:url\" content=\"https:\/\/dominicanjoekids.com\/es\/contactanos\/\" \/>\n<meta property=\"og:site_name\" content=\"Dominican Joe Kids\" \/>\n<meta property=\"article:modified_time\" content=\"2024-11-23T18:43:33+00:00\" \/>\n<meta property=\"og:image\" content=\"https:\/\/dominicanjoekids.com\/wp-content\/uploads\/2024\/09\/240209-Escuela-0012-1.jpg\" \/>\n\t<meta property=\"og:image:width\" content=\"1200\" \/>\n\t<meta property=\"og:image:height\" content=\"800\" \/>\n\t<meta property=\"og:image:type\" content=\"image\/jpeg\" \/>\n<meta name=\"twitter:card\" content=\"summary_large_image\" \/>\n<meta name=\"twitter:label1\" content=\"Est. reading time\" \/>\n\t<meta name=\"twitter:data1\" content=\"1 minuto\" \/>\n<script type=\"application\/ld+json\" class=\"yoast-schema-graph\">{\"@context\":\"https:\\\/\\\/schema.org\",\"@graph\":[{\"@type\":\"WebPage\",\"@id\":\"https:\\\/\\\/dominicanjoekids.com\\\/es\\\/contactanos\\\/\",\"url\":\"https:\\\/\\\/dominicanjoekids.com\\\/es\\\/contactanos\\\/\",\"name\":\"Cont\u00e1ctanos - Dominican Joe Kids\",\"isPartOf\":{\"@id\":\"https:\\\/\\\/dominicanjoekids.com\\\/es\\\/#website\"},\"primaryImageOfPage\":{\"@id\":\"https:\\\/\\\/dominicanjoekids.com\\\/es\\\/contactanos\\\/#primaryimage\"},\"image\":{\"@id\":\"https:\\\/\\\/dominicanjoekids.com\\\/es\\\/contactanos\\\/#primaryimage\"},\"thumbnailUrl\":\"https:\\\/\\\/dominicanjoekids.com\\\/wp-content\\\/uploads\\\/2024\\\/09\\\/240209-Escuela-0012-1-1024x683.jpg\",\"datePublished\":\"2024-11-23T18:43:31+00:00\",\"dateModified\":\"2024-11-23T18:43:33+00:00\",\"description\":\"Empowering children in the Dominican Republic to break the cycle of poverty through education. Join us in transforming lives with scholarships, quality schooling, and impactful events. Support the Dominican Joe Foundation today!\",\"breadcrumb\":{\"@id\":\"https:\\\/\\\/dominicanjoekids.com\\\/es\\\/contactanos\\\/#breadcrumb\"},\"inLanguage\":\"es-DO\",\"potentialAction\":[{\"@type\":\"ReadAction\",\"target\":[\"https:\\\/\\\/dominicanjoekids.com\\\/es\\\/contactanos\\\/\"]}]},{\"@type\":\"ImageObject\",\"inLanguage\":\"es-DO\",\"@id\":\"https:\\\/\\\/dominicanjoekids.com\\\/es\\\/contactanos\\\/#primaryimage\",\"url\":\"https:\\\/\\\/dominicanjoekids.com\\\/wp-content\\\/uploads\\\/2024\\\/09\\\/240209-Escuela-0012-1-1024x683.jpg\",\"contentUrl\":\"https:\\\/\\\/dominicanjoekids.com\\\/wp-content\\\/uploads\\\/2024\\\/09\\\/240209-Escuela-0012-1-1024x683.jpg\"},{\"@type\":\"BreadcrumbList\",\"@id\":\"https:\\\/\\\/dominicanjoekids.com\\\/es\\\/contactanos\\\/#breadcrumb\",\"itemListElement\":[{\"@type\":\"ListItem\",\"position\":1,\"name\":\"Home\",\"item\":\"https:\\\/\\\/dominicanjoekids.com\\\/es\\\/dominican-joe-kids-espanol\\\/\"},{\"@type\":\"ListItem\",\"position\":2,\"name\":\"Cont\u00e1ctanos\"}]},{\"@type\":\"WebSite\",\"@id\":\"https:\\\/\\\/dominicanjoekids.com\\\/es\\\/#website\",\"url\":\"https:\\\/\\\/dominicanjoekids.com\\\/es\\\/\",\"name\":\"Dominican Joe Kids\",\"description\":\"\",\"publisher\":{\"@id\":\"https:\\\/\\\/dominicanjoekids.com\\\/es\\\/#organization\"},\"potentialAction\":[{\"@type\":\"SearchAction\",\"target\":{\"@type\":\"EntryPoint\",\"urlTemplate\":\"https:\\\/\\\/dominicanjoekids.com\\\/es\\\/?s={search_term_string}\"},\"query-input\":{\"@type\":\"PropertyValueSpecification\",\"valueRequired\":true,\"valueName\":\"search_term_string\"}}],\"inLanguage\":\"es-DO\"},{\"@type\":\"Organization\",\"@id\":\"https:\\\/\\\/dominicanjoekids.com\\\/es\\\/#organization\",\"name\":\"Dominican Joe Kids\",\"url\":\"https:\\\/\\\/dominicanjoekids.com\\\/es\\\/\",\"logo\":{\"@type\":\"ImageObject\",\"inLanguage\":\"es-DO\",\"@id\":\"https:\\\/\\\/dominicanjoekids.com\\\/es\\\/#\\\/schema\\\/logo\\\/image\\\/\",\"url\":\"https:\\\/\\\/dominicanjoekids.com\\\/wp-content\\\/uploads\\\/2024\\\/11\\\/DJK-Logo.png\",\"contentUrl\":\"https:\\\/\\\/dominicanjoekids.com\\\/wp-content\\\/uploads\\\/2024\\\/11\\\/DJK-Logo.png\",\"width\":500,\"height\":500,\"caption\":\"Dominican Joe Kids\"},\"image\":{\"@id\":\"https:\\\/\\\/dominicanjoekids.com\\\/es\\\/#\\\/schema\\\/logo\\\/image\\\/\"}}]}<\/script>\n<!-- \/ Yoast SEO plugin. -->","yoast_head_json":{"title":"Cont\u00e1ctanos - Dominican Joe Kids","description":"Empowering children in the Dominican Republic to break the cycle of poverty through education. Join us in transforming lives with scholarships, quality schooling, and impactful events. Support the Dominican Joe Foundation today!","robots":{"index":"index","follow":"follow","max-snippet":"max-snippet:-1","max-image-preview":"max-image-preview:large","max-video-preview":"max-video-preview:-1"},"canonical":"https:\/\/dominicanjoekids.com\/es\/contactanos\/","og_locale":"es_ES","og_type":"article","og_title":"Cont\u00e1ctanos - Dominican Joe Kids","og_description":"Empowering children in the Dominican Republic to break the cycle of poverty through education. Join us in transforming lives with scholarships, quality schooling, and impactful events. Support the Dominican Joe Foundation today!","og_url":"https:\/\/dominicanjoekids.com\/es\/contactanos\/","og_site_name":"Dominican Joe Kids","article_modified_time":"2024-11-23T18:43:33+00:00","og_image":[{"width":1200,"height":800,"url":"https:\/\/dominicanjoekids.com\/wp-content\/uploads\/2024\/09\/240209-Escuela-0012-1.jpg","type":"image\/jpeg"}],"twitter_card":"summary_large_image","twitter_misc":{"Est. reading time":"1 minuto"},"schema":{"@context":"https:\/\/schema.org","@graph":[{"@type":"WebPage","@id":"https:\/\/dominicanjoekids.com\/es\/contactanos\/","url":"https:\/\/dominicanjoekids.com\/es\/contactanos\/","name":"Cont\u00e1ctanos - Dominican Joe Kids","isPartOf":{"@id":"https:\/\/dominicanjoekids.com\/es\/#website"},"primaryImageOfPage":{"@id":"https:\/\/dominicanjoekids.com\/es\/contactanos\/#primaryimage"},"image":{"@id":"https:\/\/dominicanjoekids.com\/es\/contactanos\/#primaryimage"},"thumbnailUrl":"https:\/\/dominicanjoekids.com\/wp-content\/uploads\/2024\/09\/240209-Escuela-0012-1-1024x683.jpg","datePublished":"2024-11-23T18:43:31+00:00","dateModified":"2024-11-23T18:43:33+00:00","description":"Empowering children in the Dominican Republic to break the cycle of poverty through education. Join us in transforming lives with scholarships, quality schooling, and impactful events. Support the Dominican Joe Foundation today!","breadcrumb":{"@id":"https:\/\/dominicanjoekids.com\/es\/contactanos\/#breadcrumb"},"inLanguage":"es-DO","potentialAction":[{"@type":"ReadAction","target":["https:\/\/dominicanjoekids.com\/es\/contactanos\/"]}]},{"@type":"ImageObject","inLanguage":"es-DO","@id":"https:\/\/dominicanjoekids.com\/es\/contactanos\/#primaryimage","url":"https:\/\/dominicanjoekids.com\/wp-content\/uploads\/2024\/09\/240209-Escuela-0012-1-1024x683.jpg","contentUrl":"https:\/\/dominicanjoekids.com\/wp-content\/uploads\/2024\/09\/240209-Escuela-0012-1-1024x683.jpg"},{"@type":"BreadcrumbList","@id":"https:\/\/dominicanjoekids.com\/es\/contactanos\/#breadcrumb","itemListElement":[{"@type":"ListItem","position":1,"name":"Home","item":"https:\/\/dominicanjoekids.com\/es\/dominican-joe-kids-espanol\/"},{"@type":"ListItem","position":2,"name":"Cont\u00e1ctanos"}]},{"@type":"WebSite","@id":"https:\/\/dominicanjoekids.com\/es\/#website","url":"https:\/\/dominicanjoekids.com\/es\/","name":"Dominican Joe Kids","description":"","publisher":{"@id":"https:\/\/dominicanjoekids.com\/es\/#organization"},"potentialAction":[{"@type":"SearchAction","target":{"@type":"EntryPoint","urlTemplate":"https:\/\/dominicanjoekids.com\/es\/?s={search_term_string}"},"query-input":{"@type":"PropertyValueSpecification","valueRequired":true,"valueName":"search_term_string"}}],"inLanguage":"es-DO"},{"@type":"Organization","@id":"https:\/\/dominicanjoekids.com\/es\/#organization","name":"Dominican Joe Kids","url":"https:\/\/dominicanjoekids.com\/es\/","logo":{"@type":"ImageObject","inLanguage":"es-DO","@id":"https:\/\/dominicanjoekids.com\/es\/#\/schema\/logo\/image\/","url":"https:\/\/dominicanjoekids.com\/wp-content\/uploads\/2024\/11\/DJK-Logo.png","contentUrl":"https:\/\/dominicanjoekids.com\/wp-content\/uploads\/2024\/11\/DJK-Logo.png","width":500,"height":500,"caption":"Dominican Joe Kids"},"image":{"@id":"https:\/\/dominicanjoekids.com\/es\/#\/schema\/logo\/image\/"}}]}},"_links":{"self":[{"href":"https:\/\/dominicanjoekids.com\/es\/wp-json\/wp\/v2\/pages\/579","targetHints":{"allow":["GET"]}}],"collection":[{"href":"https:\/\/dominicanjoekids.com\/es\/wp-json\/wp\/v2\/pages"}],"about":[{"href":"https:\/\/dominicanjoekids.com\/es\/wp-json\/wp\/v2\/types\/page"}],"author":[{"embeddable":true,"href":"https:\/\/dominicanjoekids.com\/es\/wp-json\/wp\/v2\/users\/1"}],"replies":[{"embeddable":true,"href":"https:\/\/dominicanjoekids.com\/es\/wp-json\/wp\/v2\/comments?post=579"}],"version-history":[{"count":1,"href":"https:\/\/dominicanjoekids.com\/es\/wp-json\/wp\/v2\/pages\/579\/revisions"}],"predecessor-version":[{"id":580,"href":"https:\/\/dominicanjoekids.com\/es\/wp-json\/wp\/v2\/pages\/579\/revisions\/580"}],"wp:attachment":[{"href":"https:\/\/dominicanjoekids.com\/es\/wp-json\/wp\/v2\/media?parent=579"}],"curies":[{"name":"wp","href":"https:\/\/api.w.org\/{rel}","templated":true}]}}