{"id":581,"date":"2024-11-23T19:01:41","date_gmt":"2024-11-23T19:01:41","guid":{"rendered":"https:\/\/dominicanjoekids.com\/?page_id=581"},"modified":"2024-11-23T19:01:43","modified_gmt":"2024-11-23T19:01:43","slug":"nosotros","status":"publish","type":"page","link":"https:\/\/dominicanjoekids.com\/es\/nosotros\/","title":{"rendered":"Nosotros"},"content":{"rendered":"<div class=\"wp-block-group alignfull is-layout-flow wp-container-core-group-is-layout-b20aeb27 wp-block-group-is-layout-flow\" style=\"padding-top:0;padding-right:0;padding-bottom:0;padding-left:0\">\n<div class=\"wp-block-cover is-light has-parallax wp-duotone-unset-1\"><span aria-hidden=\"true\" class=\"wp-block-cover__background has-background-dim-70 has-background-dim\" style=\"background-color:#b9a69c\"><\/span><div class=\"wp-block-cover__image-background wp-image-205 has-parallax\" style=\"background-position:50% 50%;background-image:url(https:\/\/dominicanjoekids.com\/wp-content\/uploads\/2024\/09\/cropped-240209-Escuela-0100.jpg)\"><\/div><div class=\"wp-block-cover__inner-container is-layout-flow wp-block-cover-is-layout-flow\">\n<div class=\"wp-block-group is-style-default has-global-padding is-content-justification-left is-layout-constrained wp-container-core-group-is-layout-215efb10 wp-block-group-is-layout-constrained\" style=\"padding-top:0;padding-right:0;padding-bottom:0;padding-left:0\">\n<h2 class=\"wp-block-heading has-text-align-center has-primary-background-color has-background has-huge-font-size\" style=\"padding-top:10px;padding-right:10px;padding-bottom:10px;padding-left:10px\">Nosotros<\/h2>\n<\/div>\n<\/div><\/div>\n\n\n\n<div class=\"wp-block-group alignfull is-layout-flow wp-container-core-group-is-layout-b20aeb27 wp-block-group-is-layout-flow\" style=\"padding-top:0;padding-right:0;padding-bottom:0;padding-left:0\"><\/div>\n<\/div>\n\n\n\n<hr class=\"wp-block-separator has-alpha-channel-opacity\"\/>\n\n\n\n<div class=\"wp-block-group is-nowrap is-layout-flex wp-container-core-group-is-layout-6c531013 wp-block-group-is-layout-flex\">\n<figure class=\"wp-block-image alignleft size-full is-resized has-custom-border is-style-yuna-shadow-image wp-duotone-000000-ffffff-2\"><img loading=\"lazy\" decoding=\"async\" width=\"512\" height=\"512\" src=\"https:\/\/dominicanjoekids.com\/wp-content\/uploads\/2024\/09\/cropped-240209-Escuela-0100.jpg\" alt=\"\" class=\"wp-image-205\" style=\"border-top-right-radius:100px;border-bottom-left-radius:100px;border-bottom-right-radius:100px;width:494px;height:auto\" srcset=\"https:\/\/dominicanjoekids.com\/wp-content\/uploads\/2024\/09\/cropped-240209-Escuela-0100.jpg 512w, https:\/\/dominicanjoekids.com\/wp-content\/uploads\/2024\/09\/cropped-240209-Escuela-0100-300x300.jpg 300w, https:\/\/dominicanjoekids.com\/wp-content\/uploads\/2024\/09\/cropped-240209-Escuela-0100-150x150.jpg 150w, https:\/\/dominicanjoekids.com\/wp-content\/uploads\/2024\/09\/cropped-240209-Escuela-0100-270x270.jpg 270w, https:\/\/dominicanjoekids.com\/wp-content\/uploads\/2024\/09\/cropped-240209-Escuela-0100-192x192.jpg 192w, https:\/\/dominicanjoekids.com\/wp-content\/uploads\/2024\/09\/cropped-240209-Escuela-0100-180x180.jpg 180w, https:\/\/dominicanjoekids.com\/wp-content\/uploads\/2024\/09\/cropped-240209-Escuela-0100-32x32.jpg 32w\" sizes=\"auto, (max-width: 512px) 100vw, 512px\" \/><\/figure>\n\n\n\n<div style=\"height:100px;width:0px\" aria-hidden=\"true\" class=\"wp-block-spacer wp-container-content-6388d5dc\"><\/div>\n<\/div>\n\n\n\n<p class=\"has-text-align-left tagline has-text-color has-tiny-font-size\" style=\"color:#484240;font-style:normal;font-weight:400;letter-spacing:3px;text-transform:uppercase\"><\/p>\n\n\n\n<p class=\"has-text-align-right has-x-large-font-size\" style=\"font-style:normal;font-weight:300;line-height:1.2\"> \u2026 la educaci\u00f3n es la base para el avance socioecon\u00f3mico y brinda a estos ni\u00f1os una oportunidad que de otro modo no tendr\u00edan..<\/p>\n\n\n\n<p>En 2006, un grupo de estadounidenses visit\u00f3 Las Terrenas, en la Rep\u00fablica Dominicana, como parte de un proyecto inmobiliario. Desde sus primeros momentos en el pa\u00eds, fueron recibidos con los brazos abiertos y desarrollaron numerosas relaciones c\u00e1lidas. Salvatore Joseph Rizzo, ahora conocido como \u201cDominican Joe\u201d, regresaba regularmente a la Rep\u00fablica Dominicana y ve\u00eda ni\u00f1os en las calles durante el d\u00eda, pregunt\u00e1ndose por qu\u00e9 no estaban asistiendo a la escuela. Descubri\u00f3 serias deficiencias en el sistema escolar p\u00fablico y quiso hacer algo para retribuir a esta comunidad que se hab\u00eda vuelto tan especial para \u00e9l.<\/p>\n\n\n\n<p><br>Fund\u00f3  <strong>Dominican Joe Foundation<\/strong> con la creencia de que la educaci\u00f3n es la base para el avance socioecon\u00f3mico y para brindarles a estos ni\u00f1os una oportunidad que de otro modo no tendr\u00edan.<\/p>\n\n\n\n<p>En 2015, la fundaci\u00f3n obtuvo el estatus 501c3 y ha estado operando como una organizaci\u00f3n estrictamente sin fines de lucro, recaudando fondos a trav\u00e9s del evento anual <strong><a href=\"https:\/\/dominicanjoekids.com\/es\/getaway-and-give-2025\/\">Getaway and Give<\/a><\/strong>, otras iniciativas recurrentes y donaciones individuales desde la Rep\u00fablica Dominicana, Estados Unidos y alrededor del mundo.<\/p>\n\n\n\n<p><\/p>\n\n\n\n<div class=\"wp-block-group alignfull what-we-do has-diagonal-background-to-secondary-gradient-background has-background has-global-padding is-layout-constrained wp-container-core-group-is-layout-a767d677 wp-block-group-is-layout-constrained\" style=\"padding-top:var(--wp--preset--spacing--50);padding-right:30px;padding-bottom:var(--wp--preset--spacing--50);padding-left:30px\">\n<div class=\"wp-block-group alignwide has-global-padding is-layout-constrained wp-block-group-is-layout-constrained\">\n<figure class=\"wp-block-gallery has-nested-images columns-default is-cropped wp-block-gallery-4 is-layout-flex wp-block-gallery-is-layout-flex\">\n<figure class=\"wp-block-image size-large is-resized is-style-yuna-effect-3-image wp-duotone-unset-3\"><img loading=\"lazy\" decoding=\"async\" width=\"1024\" height=\"683\" data-id=\"114\" src=\"https:\/\/dominicanjoekids.com\/wp-content\/uploads\/2024\/09\/240209-Escuela-0038-1024x683.jpg\" alt=\"\" class=\"wp-image-114\" style=\"width:314px;height:auto\" srcset=\"https:\/\/dominicanjoekids.com\/wp-content\/uploads\/2024\/09\/240209-Escuela-0038-1024x683.jpg 1024w, https:\/\/dominicanjoekids.com\/wp-content\/uploads\/2024\/09\/240209-Escuela-0038-300x200.jpg 300w, https:\/\/dominicanjoekids.com\/wp-content\/uploads\/2024\/09\/240209-Escuela-0038-768x512.jpg 768w, https:\/\/dominicanjoekids.com\/wp-content\/uploads\/2024\/09\/240209-Escuela-0038.jpg 1200w\" sizes=\"auto, (max-width: 1024px) 100vw, 1024px\" \/><\/figure>\n\n\n\n<figure class=\"wp-block-image size-large is-resized is-style-yuna-hover-shadow-image wp-duotone-grayscale\"><img loading=\"lazy\" decoding=\"async\" width=\"1024\" height=\"683\" data-id=\"118\" src=\"https:\/\/dominicanjoekids.com\/wp-content\/uploads\/2024\/09\/240209-Escuela-0090-1-1024x683.jpg\" alt=\"\" class=\"wp-image-118\" style=\"width:360px;height:auto\" srcset=\"https:\/\/dominicanjoekids.com\/wp-content\/uploads\/2024\/09\/240209-Escuela-0090-1-1024x683.jpg 1024w, https:\/\/dominicanjoekids.com\/wp-content\/uploads\/2024\/09\/240209-Escuela-0090-1-300x200.jpg 300w, https:\/\/dominicanjoekids.com\/wp-content\/uploads\/2024\/09\/240209-Escuela-0090-1-768x512.jpg 768w, https:\/\/dominicanjoekids.com\/wp-content\/uploads\/2024\/09\/240209-Escuela-0090-1.jpg 1200w\" sizes=\"auto, (max-width: 1024px) 100vw, 1024px\" \/><\/figure>\n<\/figure>\n\n\n\n<p class=\"has-text-align-center tagline has-text-color has-tiny-font-size\" style=\"color:#484240;font-style:normal;font-weight:400;letter-spacing:3px;text-transform:uppercase\"><\/p>\n\n\n\n<figure class=\"wp-block-image aligncenter size-large is-resized is-style-yuna-effect-1-image wp-duotone-unset-5\"><img loading=\"lazy\" decoding=\"async\" width=\"1024\" height=\"683\" src=\"https:\/\/dominicanjoekids.com\/wp-content\/uploads\/2024\/09\/240627-Dominican-Joe-Graduation-0234-1024x683.jpg\" alt=\"\" class=\"wp-image-107\" style=\"width:492px;height:auto\" srcset=\"https:\/\/dominicanjoekids.com\/wp-content\/uploads\/2024\/09\/240627-Dominican-Joe-Graduation-0234-1024x683.jpg 1024w, https:\/\/dominicanjoekids.com\/wp-content\/uploads\/2024\/09\/240627-Dominican-Joe-Graduation-0234-300x200.jpg 300w, https:\/\/dominicanjoekids.com\/wp-content\/uploads\/2024\/09\/240627-Dominican-Joe-Graduation-0234-768x512.jpg 768w, https:\/\/dominicanjoekids.com\/wp-content\/uploads\/2024\/09\/240627-Dominican-Joe-Graduation-0234.jpg 1200w\" sizes=\"auto, (max-width: 1024px) 100vw, 1024px\" \/><\/figure>\n\n\n\n<div class=\"wp-block-group is-layout-flow wp-block-group-is-layout-flow\" style=\"padding-top:0;padding-right:0;padding-bottom:0;padding-left:0\">\n<p class=\"has-text-align-center has-x-large-font-size\" style=\"font-style:normal;font-weight:300;line-height:1.2\">Nuestra <strong>Visi\u00f3n.<\/strong><\/p>\n\n\n\n<p class=\"has-text-align-left\">Nuestro objetivo es brindar a todos nuestros estudiantes la mejor educaci\u00f3n posible, contratando excelentes maestros y siguiendo un plan de estudios riguroso. Esta educaci\u00f3n no est\u00e1 al alcance de estos ni\u00f1os, pero es el factor crucial que les permitir\u00e1 romper el ciclo de la pobreza. Para lograrlo, necesitamos patrocinadores para cada uno de nuestros estudiantes.<\/p>\n\n\n\n<div class=\"wp-block-buttons is-content-justification-center is-layout-flex wp-container-core-buttons-is-layout-a89b3969 wp-block-buttons-is-layout-flex\">\n<div class=\"wp-block-button is-style-yuna-3d-button-dark\"><a class=\"wp-block-button__link wp-element-button\" href=\"https:\/\/give.hellofund.com\/form\/WNWyJBDb?fbclid=PAZXh0bgNhZW0CMTEAAaa9RBWFTK-GkJkxat8g8dZIvZiQdmMusnFWsu3OjmuX54PWubiFmsjaaAc_aem_tbDU7YGx_sLD6lkVFk1dnA\">Dona Aqui<\/a><\/div>\n<\/div>\n<\/div>\n<\/div>\n<\/div>\n\n\n\n<p><\/p>","protected":false},"excerpt":{"rendered":"<p>\u2026 la educaci\u00f3n es la base para el avance socioecon\u00f3mico y brinda a estos ni\u00f1os una oportunidad que de otro modo no tendr\u00edan.. En 2006, un grupo de estadounidenses visit\u00f3 Las Terrenas, en la Rep\u00fablica Dominicana, como parte de un proyecto inmobiliario. Desde sus primeros momentos en el pa\u00eds, fueron recibidos con los brazos abiertos [&hellip;]<\/p>\n","protected":false},"author":1,"featured_media":0,"parent":0,"menu_order":0,"comment_status":"closed","ping_status":"closed","template":"","meta":{"_coblocks_attr":"","_coblocks_dimensions":"","_coblocks_responsive_height":"","_coblocks_accordion_ie_support":"","footnotes":""},"class_list":["post-581","page","type-page","status-publish","hentry"],"yoast_head":"<!-- This site is optimized with the Yoast SEO plugin v27.5 - https:\/\/yoast.com\/product\/yoast-seo-wordpress\/ -->\n<title>Nosotros - Dominican Joe Kids<\/title>\n<meta name=\"robots\" content=\"index, follow, max-snippet:-1, max-image-preview:large, max-video-preview:-1\" \/>\n<link rel=\"canonical\" href=\"https:\/\/dominicanjoekids.com\/es\/nosotros\/\" \/>\n<meta property=\"og:locale\" content=\"es_ES\" \/>\n<meta property=\"og:type\" content=\"article\" \/>\n<meta property=\"og:title\" content=\"Nosotros - Dominican Joe Kids\" \/>\n<meta property=\"og:description\" content=\"\u2026 la educaci\u00f3n es la base para el avance socioecon\u00f3mico y brinda a estos ni\u00f1os una oportunidad que de otro modo no tendr\u00edan.. En 2006, un grupo de estadounidenses visit\u00f3 Las Terrenas, en la Rep\u00fablica Dominicana, como parte de un proyecto inmobiliario. Desde sus primeros momentos en el pa\u00eds, fueron recibidos con los brazos abiertos [&hellip;]\" \/>\n<meta property=\"og:url\" content=\"https:\/\/dominicanjoekids.com\/es\/nosotros\/\" \/>\n<meta property=\"og:site_name\" content=\"Dominican Joe Kids\" \/>\n<meta property=\"article:modified_time\" content=\"2024-11-23T19:01:43+00:00\" \/>\n<meta property=\"og:image\" content=\"https:\/\/dominicanjoekids.com\/wp-content\/uploads\/2024\/09\/cropped-240209-Escuela-0100.jpg\" \/>\n\t<meta property=\"og:image:width\" content=\"512\" \/>\n\t<meta property=\"og:image:height\" content=\"512\" \/>\n\t<meta property=\"og:image:type\" content=\"image\/jpeg\" \/>\n<meta name=\"twitter:card\" content=\"summary_large_image\" \/>\n<meta name=\"twitter:label1\" content=\"Est. reading time\" \/>\n\t<meta name=\"twitter:data1\" content=\"2 minutos\" \/>\n<script type=\"application\/ld+json\" class=\"yoast-schema-graph\">{\"@context\":\"https:\\\/\\\/schema.org\",\"@graph\":[{\"@type\":\"WebPage\",\"@id\":\"https:\\\/\\\/dominicanjoekids.com\\\/es\\\/nosotros\\\/\",\"url\":\"https:\\\/\\\/dominicanjoekids.com\\\/es\\\/nosotros\\\/\",\"name\":\"Nosotros - Dominican Joe Kids\",\"isPartOf\":{\"@id\":\"https:\\\/\\\/dominicanjoekids.com\\\/es\\\/#website\"},\"primaryImageOfPage\":{\"@id\":\"https:\\\/\\\/dominicanjoekids.com\\\/es\\\/nosotros\\\/#primaryimage\"},\"image\":{\"@id\":\"https:\\\/\\\/dominicanjoekids.com\\\/es\\\/nosotros\\\/#primaryimage\"},\"thumbnailUrl\":\"https:\\\/\\\/dominicanjoekids.com\\\/wp-content\\\/uploads\\\/2024\\\/09\\\/cropped-240209-Escuela-0100.jpg\",\"datePublished\":\"2024-11-23T19:01:41+00:00\",\"dateModified\":\"2024-11-23T19:01:43+00:00\",\"breadcrumb\":{\"@id\":\"https:\\\/\\\/dominicanjoekids.com\\\/es\\\/nosotros\\\/#breadcrumb\"},\"inLanguage\":\"es-DO\",\"potentialAction\":[{\"@type\":\"ReadAction\",\"target\":[\"https:\\\/\\\/dominicanjoekids.com\\\/es\\\/nosotros\\\/\"]}]},{\"@type\":\"ImageObject\",\"inLanguage\":\"es-DO\",\"@id\":\"https:\\\/\\\/dominicanjoekids.com\\\/es\\\/nosotros\\\/#primaryimage\",\"url\":\"https:\\\/\\\/dominicanjoekids.com\\\/wp-content\\\/uploads\\\/2024\\\/09\\\/cropped-240209-Escuela-0100.jpg\",\"contentUrl\":\"https:\\\/\\\/dominicanjoekids.com\\\/wp-content\\\/uploads\\\/2024\\\/09\\\/cropped-240209-Escuela-0100.jpg\"},{\"@type\":\"BreadcrumbList\",\"@id\":\"https:\\\/\\\/dominicanjoekids.com\\\/es\\\/nosotros\\\/#breadcrumb\",\"itemListElement\":[{\"@type\":\"ListItem\",\"position\":1,\"name\":\"Home\",\"item\":\"https:\\\/\\\/dominicanjoekids.com\\\/es\\\/dominican-joe-kids-espanol\\\/\"},{\"@type\":\"ListItem\",\"position\":2,\"name\":\"Nosotros\"}]},{\"@type\":\"WebSite\",\"@id\":\"https:\\\/\\\/dominicanjoekids.com\\\/es\\\/#website\",\"url\":\"https:\\\/\\\/dominicanjoekids.com\\\/es\\\/\",\"name\":\"Dominican Joe Kids\",\"description\":\"\",\"publisher\":{\"@id\":\"https:\\\/\\\/dominicanjoekids.com\\\/es\\\/#organization\"},\"potentialAction\":[{\"@type\":\"SearchAction\",\"target\":{\"@type\":\"EntryPoint\",\"urlTemplate\":\"https:\\\/\\\/dominicanjoekids.com\\\/es\\\/?s={search_term_string}\"},\"query-input\":{\"@type\":\"PropertyValueSpecification\",\"valueRequired\":true,\"valueName\":\"search_term_string\"}}],\"inLanguage\":\"es-DO\"},{\"@type\":\"Organization\",\"@id\":\"https:\\\/\\\/dominicanjoekids.com\\\/es\\\/#organization\",\"name\":\"Dominican Joe Kids\",\"url\":\"https:\\\/\\\/dominicanjoekids.com\\\/es\\\/\",\"logo\":{\"@type\":\"ImageObject\",\"inLanguage\":\"es-DO\",\"@id\":\"https:\\\/\\\/dominicanjoekids.com\\\/es\\\/#\\\/schema\\\/logo\\\/image\\\/\",\"url\":\"https:\\\/\\\/dominicanjoekids.com\\\/wp-content\\\/uploads\\\/2024\\\/11\\\/DJK-Logo.png\",\"contentUrl\":\"https:\\\/\\\/dominicanjoekids.com\\\/wp-content\\\/uploads\\\/2024\\\/11\\\/DJK-Logo.png\",\"width\":500,\"height\":500,\"caption\":\"Dominican Joe Kids\"},\"image\":{\"@id\":\"https:\\\/\\\/dominicanjoekids.com\\\/es\\\/#\\\/schema\\\/logo\\\/image\\\/\"}}]}<\/script>\n<!-- \/ Yoast SEO plugin. -->","yoast_head_json":{"title":"Nosotros - Dominican Joe Kids","robots":{"index":"index","follow":"follow","max-snippet":"max-snippet:-1","max-image-preview":"max-image-preview:large","max-video-preview":"max-video-preview:-1"},"canonical":"https:\/\/dominicanjoekids.com\/es\/nosotros\/","og_locale":"es_ES","og_type":"article","og_title":"Nosotros - Dominican Joe Kids","og_description":"\u2026 la educaci\u00f3n es la base para el avance socioecon\u00f3mico y brinda a estos ni\u00f1os una oportunidad que de otro modo no tendr\u00edan.. En 2006, un grupo de estadounidenses visit\u00f3 Las Terrenas, en la Rep\u00fablica Dominicana, como parte de un proyecto inmobiliario. Desde sus primeros momentos en el pa\u00eds, fueron recibidos con los brazos abiertos [&hellip;]","og_url":"https:\/\/dominicanjoekids.com\/es\/nosotros\/","og_site_name":"Dominican Joe Kids","article_modified_time":"2024-11-23T19:01:43+00:00","og_image":[{"width":512,"height":512,"url":"https:\/\/dominicanjoekids.com\/wp-content\/uploads\/2024\/09\/cropped-240209-Escuela-0100.jpg","type":"image\/jpeg"}],"twitter_card":"summary_large_image","twitter_misc":{"Est. reading time":"2 minutos"},"schema":{"@context":"https:\/\/schema.org","@graph":[{"@type":"WebPage","@id":"https:\/\/dominicanjoekids.com\/es\/nosotros\/","url":"https:\/\/dominicanjoekids.com\/es\/nosotros\/","name":"Nosotros - Dominican Joe Kids","isPartOf":{"@id":"https:\/\/dominicanjoekids.com\/es\/#website"},"primaryImageOfPage":{"@id":"https:\/\/dominicanjoekids.com\/es\/nosotros\/#primaryimage"},"image":{"@id":"https:\/\/dominicanjoekids.com\/es\/nosotros\/#primaryimage"},"thumbnailUrl":"https:\/\/dominicanjoekids.com\/wp-content\/uploads\/2024\/09\/cropped-240209-Escuela-0100.jpg","datePublished":"2024-11-23T19:01:41+00:00","dateModified":"2024-11-23T19:01:43+00:00","breadcrumb":{"@id":"https:\/\/dominicanjoekids.com\/es\/nosotros\/#breadcrumb"},"inLanguage":"es-DO","potentialAction":[{"@type":"ReadAction","target":["https:\/\/dominicanjoekids.com\/es\/nosotros\/"]}]},{"@type":"ImageObject","inLanguage":"es-DO","@id":"https:\/\/dominicanjoekids.com\/es\/nosotros\/#primaryimage","url":"https:\/\/dominicanjoekids.com\/wp-content\/uploads\/2024\/09\/cropped-240209-Escuela-0100.jpg","contentUrl":"https:\/\/dominicanjoekids.com\/wp-content\/uploads\/2024\/09\/cropped-240209-Escuela-0100.jpg"},{"@type":"BreadcrumbList","@id":"https:\/\/dominicanjoekids.com\/es\/nosotros\/#breadcrumb","itemListElement":[{"@type":"ListItem","position":1,"name":"Home","item":"https:\/\/dominicanjoekids.com\/es\/dominican-joe-kids-espanol\/"},{"@type":"ListItem","position":2,"name":"Nosotros"}]},{"@type":"WebSite","@id":"https:\/\/dominicanjoekids.com\/es\/#website","url":"https:\/\/dominicanjoekids.com\/es\/","name":"Dominican Joe Kids","description":"","publisher":{"@id":"https:\/\/dominicanjoekids.com\/es\/#organization"},"potentialAction":[{"@type":"SearchAction","target":{"@type":"EntryPoint","urlTemplate":"https:\/\/dominicanjoekids.com\/es\/?s={search_term_string}"},"query-input":{"@type":"PropertyValueSpecification","valueRequired":true,"valueName":"search_term_string"}}],"inLanguage":"es-DO"},{"@type":"Organization","@id":"https:\/\/dominicanjoekids.com\/es\/#organization","name":"Dominican Joe Kids","url":"https:\/\/dominicanjoekids.com\/es\/","logo":{"@type":"ImageObject","inLanguage":"es-DO","@id":"https:\/\/dominicanjoekids.com\/es\/#\/schema\/logo\/image\/","url":"https:\/\/dominicanjoekids.com\/wp-content\/uploads\/2024\/11\/DJK-Logo.png","contentUrl":"https:\/\/dominicanjoekids.com\/wp-content\/uploads\/2024\/11\/DJK-Logo.png","width":500,"height":500,"caption":"Dominican Joe Kids"},"image":{"@id":"https:\/\/dominicanjoekids.com\/es\/#\/schema\/logo\/image\/"}}]}},"_links":{"self":[{"href":"https:\/\/dominicanjoekids.com\/es\/wp-json\/wp\/v2\/pages\/581","targetHints":{"allow":["GET"]}}],"collection":[{"href":"https:\/\/dominicanjoekids.com\/es\/wp-json\/wp\/v2\/pages"}],"about":[{"href":"https:\/\/dominicanjoekids.com\/es\/wp-json\/wp\/v2\/types\/page"}],"author":[{"embeddable":true,"href":"https:\/\/dominicanjoekids.com\/es\/wp-json\/wp\/v2\/users\/1"}],"replies":[{"embeddable":true,"href":"https:\/\/dominicanjoekids.com\/es\/wp-json\/wp\/v2\/comments?post=581"}],"version-history":[{"count":1,"href":"https:\/\/dominicanjoekids.com\/es\/wp-json\/wp\/v2\/pages\/581\/revisions"}],"predecessor-version":[{"id":582,"href":"https:\/\/dominicanjoekids.com\/es\/wp-json\/wp\/v2\/pages\/581\/revisions\/582"}],"wp:attachment":[{"href":"https:\/\/dominicanjoekids.com\/es\/wp-json\/wp\/v2\/media?parent=581"}],"curies":[{"name":"wp","href":"https:\/\/api.w.org\/{rel}","templated":true}]}}